{"id":832,"date":"2023-10-25T16:55:03","date_gmt":"2023-10-25T16:55:03","guid":{"rendered":"https:\/\/christiantwellmann.de\/?page_id=832"},"modified":"2026-03-03T07:57:42","modified_gmt":"2026-03-03T07:57:42","slug":"about","status":"publish","type":"page","link":"https:\/\/christiantwellmann.de\/de\/about\/","title":{"rendered":"\u00dcber"},"content":{"rendered":"<div data-elementor-type=\"wp-page\" data-elementor-id=\"832\" class=\"elementor elementor-832\" data-elementor-post-type=\"page\">\n\t\t\t\t<div class=\"elementor-element elementor-element-364f076 e-flex e-con-boxed e-con e-parent\" data-id=\"364f076\" data-element_type=\"container\" data-e-type=\"container\">\n\t\t\t\t\t<div class=\"e-con-inner\">\n\t\t\t\t<div class=\"elementor-element elementor-element-5c8679d elementor-widget elementor-widget-spacer\" data-id=\"5c8679d\" data-element_type=\"widget\" data-e-type=\"widget\" data-widget_type=\"spacer.default\">\n\t\t\t\t<div class=\"elementor-widget-container\">\n\t\t\t\t\t\t\t<div class=\"elementor-spacer\">\n\t\t\t<div class=\"elementor-spacer-inner\"><\/div>\n\t\t<\/div>\n\t\t\t\t\t\t<\/div>\n\t\t\t\t<\/div>\n\t\t\t\t\t<\/div>\n\t\t\t\t<\/div>\n\t\t<div class=\"elementor-element elementor-element-edf5cbc e-flex e-con-boxed e-con e-parent\" data-id=\"edf5cbc\" data-element_type=\"container\" data-e-type=\"container\">\n\t\t\t\t\t<div class=\"e-con-inner\">\n\t\t<div class=\"elementor-element elementor-element-aead948 e-con-full e-flex e-con e-child\" data-id=\"aead948\" data-element_type=\"container\" data-e-type=\"container\">\n\t\t\t\t<div class=\"elementor-element elementor-element-e4bb08e elementor-widget elementor-widget-image\" data-id=\"e4bb08e\" data-element_type=\"widget\" data-e-type=\"widget\" data-widget_type=\"image.default\">\n\t\t\t\t<div class=\"elementor-widget-container\">\n\t\t\t\t\t\t\t\t\t\t\t\t\t\t\t<img fetchpriority=\"high\" decoding=\"async\" width=\"960\" height=\"1559\" src=\"https:\/\/christiantwellmann.de\/wp-content\/uploads\/2023\/10\/2573_Meeting_Portrait_CTC_2023_A_960x1559.jpeg\" class=\"attachment-full size-full wp-image-232\" alt=\"\" srcset=\"https:\/\/christiantwellmann.de\/wp-content\/uploads\/2023\/10\/2573_Meeting_Portrait_CTC_2023_A_960x1559.jpeg 960w, https:\/\/christiantwellmann.de\/wp-content\/uploads\/2023\/10\/2573_Meeting_Portrait_CTC_2023_A_960x1559-185x300.jpeg 185w, https:\/\/christiantwellmann.de\/wp-content\/uploads\/2023\/10\/2573_Meeting_Portrait_CTC_2023_A_960x1559-631x1024.jpeg 631w, https:\/\/christiantwellmann.de\/wp-content\/uploads\/2023\/10\/2573_Meeting_Portrait_CTC_2023_A_960x1559-768x1247.jpeg 768w, https:\/\/christiantwellmann.de\/wp-content\/uploads\/2023\/10\/2573_Meeting_Portrait_CTC_2023_A_960x1559-946x1536.jpeg 946w\" sizes=\"(max-width: 960px) 100vw, 960px\" \/>\t\t\t\t\t\t\t\t\t\t\t\t\t\t\t<\/div>\n\t\t\t\t<\/div>\n\t\t\t\t<\/div>\n\t\t<div class=\"elementor-element elementor-element-aa59a3d e-con-full e-flex e-con e-child\" data-id=\"aa59a3d\" data-element_type=\"container\" data-e-type=\"container\">\n\t\t<div class=\"elementor-element elementor-element-13a3b96 e-con-full e-flex e-con e-child\" data-id=\"13a3b96\" data-element_type=\"container\" data-e-type=\"container\">\n\t\t\t\t<div class=\"elementor-element elementor-element-fe85b7e elementor-widget elementor-widget-heading\" data-id=\"fe85b7e\" data-element_type=\"widget\" data-e-type=\"widget\" data-widget_type=\"heading.default\">\n\t\t\t\t<div class=\"elementor-widget-container\">\n\t\t\t\t\t<h2 class=\"elementor-heading-title elementor-size-xl\">\u00dcber mich<\/h2>\t\t\t\t<\/div>\n\t\t\t\t<\/div>\n\t\t\t\t<\/div>\n\t\t<div class=\"elementor-element elementor-element-7d323b2 e-con-full e-flex e-con e-child\" data-id=\"7d323b2\" data-element_type=\"container\" data-e-type=\"container\">\n\t\t\t\t<div class=\"elementor-element elementor-element-b5baef2 elementor-widget elementor-widget-text-editor\" data-id=\"b5baef2\" data-element_type=\"widget\" data-e-type=\"widget\" data-widget_type=\"text-editor.default\">\n\t\t\t\t<div class=\"elementor-widget-container\">\n\t\t\t\t\t\t\t\t\t<p><font color=\"#172b4d\" face=\"-apple-system, system-ui, Segoe UI, Roboto, Oxygen, Ubuntu, Fira Sans, Droid Sans, Helvetica Neue, sans-serif\"><span style=\"font-size: 16px; letter-spacing: -0.08px; white-space-collapse: preserve;\">Mit einer langen und umfangreichen Geschichte in der digitalen Medien- und mobilen Unterhaltungsbranche bin ich nicht nur ein \"Digital Native\", sondern vor allem auch ein hochqualifizierter Fachmann mit fundierten Kenntnissen im Bereich \u201cMobile Games und Apps\u201d.<\/span><\/font><br><\/p>\t\t\t\t\t\t\t\t<\/div>\n\t\t\t\t<\/div>\n\t\t\t\t<\/div>\n\t\t<div class=\"elementor-element elementor-element-f776f66 e-con-full e-flex e-con e-child\" data-id=\"f776f66\" data-element_type=\"container\" data-e-type=\"container\">\n\t\t\t\t<div class=\"elementor-element elementor-element-462de40 elementor-widget elementor-widget-heading\" data-id=\"462de40\" data-element_type=\"widget\" data-e-type=\"widget\" data-widget_type=\"heading.default\">\n\t\t\t\t<div class=\"elementor-widget-container\">\n\t\t\t\t\t<h2 class=\"elementor-heading-title elementor-size-default\">Der Anfang<\/h2>\t\t\t\t<\/div>\n\t\t\t\t<\/div>\n\t\t\t\t<\/div>\n\t\t<div class=\"elementor-element elementor-element-e2e2e84 e-con-full e-flex e-con e-child\" data-id=\"e2e2e84\" data-element_type=\"container\" data-e-type=\"container\">\n\t\t\t\t<div class=\"elementor-element elementor-element-9ea109f elementor-widget elementor-widget-text-editor\" data-id=\"9ea109f\" data-element_type=\"widget\" data-e-type=\"widget\" data-widget_type=\"text-editor.default\">\n\t\t\t\t<div class=\"elementor-widget-container\">\n\t\t\t\t\t\t\t\t\t<span style=\"color: #172b4d; font-family: -apple-system, 'system-ui', 'Segoe UI', Roboto, Oxygen, Ubuntu, 'Fira Sans', 'Droid Sans', 'Helvetica Neue', sans-serif; font-size: 16px; letter-spacing: -0.08px; white-space-collapse: preserve;\">Nach dem erfolgreichen Abschluss meines Studiums an der University of Manchester (\"Media &amp; Business Management with IT\") begann mein Weg Ende 1999 bei einer Tochtergesellschaft der Bertelsmann AG: Digital World Services. Hier erlangte ich unsch\u00e4tzbare erste Praxiserfahrungen im technischen Business Development sowie im Projektmanagement. So durfte ich beispielsweise die kalifornische Dependance der Firma in den USA aufbauen und im direkten Anschluss ein gro\u00dfes Projekt beim damals hochgehypten Filesharing-Dienst Napster leiten. <\/span>\t\t\t\t\t\t\t\t<\/div>\n\t\t\t\t<\/div>\n\t\t\t\t<\/div>\n\t\t<div class=\"elementor-element elementor-element-9f3fc54 e-con-full e-flex e-con e-child\" data-id=\"9f3fc54\" data-element_type=\"container\" data-e-type=\"container\">\n\t\t\t\t<div class=\"elementor-element elementor-element-961c08a elementor-widget elementor-widget-heading\" data-id=\"961c08a\" data-element_type=\"widget\" data-e-type=\"widget\" data-widget_type=\"heading.default\">\n\t\t\t\t<div class=\"elementor-widget-container\">\n\t\t\t\t\t<h2 class=\"elementor-heading-title elementor-size-default\">handy.de<\/h2>\t\t\t\t<\/div>\n\t\t\t\t<\/div>\n\t\t\t\t<\/div>\n\t\t<div class=\"elementor-element elementor-element-79ee545 e-con-full e-flex e-con e-child\" data-id=\"79ee545\" data-element_type=\"container\" data-e-type=\"container\">\n\t\t\t\t<div class=\"elementor-element elementor-element-4c329fe elementor-widget elementor-widget-text-editor\" data-id=\"4c329fe\" data-element_type=\"widget\" data-e-type=\"widget\" data-widget_type=\"text-editor.default\">\n\t\t\t\t<div class=\"elementor-widget-container\">\n\t\t\t\t\t\t\t\t\t<p><span style=\"color: #172b4d; font-family: -apple-system, 'system-ui', 'Segoe UI', Roboto, Oxygen, Ubuntu, 'Fira Sans', 'Droid Sans', 'Helvetica Neue', sans-serif; font-size: 16px; letter-spacing: -0.08px; white-space-collapse: preserve;\">Anfang 2003 nahm ich eine neue Herausforderung bei handy.de (sp\u00e4ter arvato mobile) an. Bei dem \u201cMobile Entertainment\u201d Dienstleister konnte ich den Bereich \"Handyspiele\" aufbauen, ausbauen und leiten. Zu jener Zeit kamen gerade erst die ersten (Java-) Spiele auf mobile Endger\u00e4te und es war eine aufregende Erfahrung, die Geburt und den Aufstieg dieser innovativen Technologie mitzuerleben und an ihrem Wachstum teilzuhaben.<\/span><\/p>\t\t\t\t\t\t\t\t<\/div>\n\t\t\t\t<\/div>\n\t\t\t\t<\/div>\n\t\t\t\t<\/div>\n\t\t\t\t\t<\/div>\n\t\t\t\t<\/div>\n\t\t<div class=\"elementor-element elementor-element-a7ec1b8 e-flex e-con-boxed e-con e-parent\" data-id=\"a7ec1b8\" data-element_type=\"container\" data-e-type=\"container\">\n\t\t\t\t\t<div class=\"e-con-inner\">\n\t\t<div class=\"elementor-element elementor-element-d611873 e-con-full e-flex e-con e-child\" data-id=\"d611873\" data-element_type=\"container\" data-e-type=\"container\">\n\t\t\t\t<div class=\"elementor-element elementor-element-3fd4720 elementor-widget elementor-widget-heading\" data-id=\"3fd4720\" data-element_type=\"widget\" data-e-type=\"widget\" data-widget_type=\"heading.default\">\n\t\t\t\t<div class=\"elementor-widget-container\">\n\t\t\t\t\t<h2 class=\"elementor-heading-title elementor-size-default\">mPilot (freie Beratung)<\/h2>\t\t\t\t<\/div>\n\t\t\t\t<\/div>\n\t\t\t\t<\/div>\n\t\t<div class=\"elementor-element elementor-element-53932b3 e-con-full e-flex e-con e-child\" data-id=\"53932b3\" data-element_type=\"container\" data-e-type=\"container\">\n\t\t\t\t<div class=\"elementor-element elementor-element-7b03073 elementor-widget elementor-widget-text-editor\" data-id=\"7b03073\" data-element_type=\"widget\" data-e-type=\"widget\" data-widget_type=\"text-editor.default\">\n\t\t\t\t<div class=\"elementor-widget-container\">\n\t\t\t\t\t\t\t\t\t<p><span style=\"color: #172b4d; font-family: -apple-system, 'system-ui', 'Segoe UI', Roboto, Oxygen, Ubuntu, 'Fira Sans', 'Droid Sans', 'Helvetica Neue', sans-serif; font-size: 16px; letter-spacing: -0.08px; white-space-collapse: preserve;\">Ende des Jahres 2008 trat ich f\u00fcr anderthalb Jahre der Cellular GmbH bei - wir arbeiteten an einer White-Label-L\u00f6sung f\u00fcr Telekommunikationsbetreiber und Unterhaltungsanbieter, bis die globale Finanzkrise unsere Pl\u00e4ne durchkreuzte. W\u00e4hrend dieser ersten Zeit als freiberuflicher Berater durfte ich f\u00fcr Unternehmen verschiedenster Gr\u00f6\u00dfe t\u00e4tig sein \u2013 beispielhaft seien hier gro\u00dfe Firmen wie Gamesload (Deutsche Telekom) oder die compeople AG genannt, aber auch kleinere Player wie butterfly-effected oder die Intent Software GmbH geh\u00f6rten zu meinen Kunden.<\/span><\/p>\t\t\t\t\t\t\t\t<\/div>\n\t\t\t\t<\/div>\n\t\t\t\t<\/div>\n\t\t<div class=\"elementor-element elementor-element-a31ddef e-con-full e-flex e-con e-child\" data-id=\"a31ddef\" data-element_type=\"container\" data-e-type=\"container\">\n\t\t\t\t<div class=\"elementor-element elementor-element-c0cc471 elementor-widget elementor-widget-heading\" data-id=\"c0cc471\" data-element_type=\"widget\" data-e-type=\"widget\" data-widget_type=\"heading.default\">\n\t\t\t\t<div class=\"elementor-widget-container\">\n\t\t\t\t\t<h2 class=\"elementor-heading-title elementor-size-default\">LITE Games<\/h2>\t\t\t\t<\/div>\n\t\t\t\t<\/div>\n\t\t\t\t<\/div>\n\t\t<div class=\"elementor-element elementor-element-a1e1cce e-con-full e-flex e-con e-child\" data-id=\"a1e1cce\" data-element_type=\"container\" data-e-type=\"container\">\n\t\t\t\t<div class=\"elementor-element elementor-element-36afa09 elementor-widget elementor-widget-text-editor\" data-id=\"36afa09\" data-element_type=\"widget\" data-e-type=\"widget\" data-widget_type=\"text-editor.default\">\n\t\t\t\t<div class=\"elementor-widget-container\">\n\t\t\t\t\t\t\t\t\t<p><span style=\"color: #172b4d; font-family: -apple-system, 'system-ui', 'Segoe UI', Roboto, Oxygen, Ubuntu, 'Fira Sans', 'Droid Sans', 'Helvetica Neue', sans-serif; font-size: 16px; letter-spacing: -0.08px; white-space-collapse: preserve;\">Im Jahr 2013 gelang es der Intent Software GmbH, mich davon zu \u00fcberzeugen, wieder in eine Festanstellung zu wechseln, und gemeinsam gr\u00fcndeten wir 2014 die <a href=\"https:\/\/lite.games\">LITE Games<\/a> GmbH. In den zehn Jahren, in denen ich <a href=\"https:\/\/lite.games\">LITE Games<\/a>aufbaute und leitete, konnte ich das Unternehmen von einer Ein-Mann-Show zu einem der f\u00fchrenden Mobile-Publisher im Bereich klassischer Brettspiele entwickeln. W\u00e4hrend unsere Titel anfangs ausschlie\u00dflich auf der iOS-Plattform von Apple verf\u00fcgbar waren, boten wir bald Android-Versionen f\u00fcr nahezu alle Spiele sowie Echtzeit-Multiplayer-Modi in vielen unserer Titel an. Dar\u00fcber hinaus konnten wir unser Portfolio kontinuierlich erweitern und uns mit neuen Gesch\u00e4ftsmodellen und Mechaniken an den sich st\u00e4ndig wandelnden Markt anpassen. Bis 2023 besch\u00e4ftigte das Unternehmen acht Mitarbeitende und setzte seinen Erfolgskurs fort.<\/span><\/p>\t\t\t\t\t\t\t\t<\/div>\n\t\t\t\t<\/div>\n\t\t\t\t<\/div>\n\t\t<div class=\"elementor-element elementor-element-35618fb e-con-full e-flex e-con e-child\" data-id=\"35618fb\" data-element_type=\"container\" data-e-type=\"container\">\n\t\t\t\t<div class=\"elementor-element elementor-element-3ff8371 elementor-widget elementor-widget-heading\" data-id=\"3ff8371\" data-element_type=\"widget\" data-e-type=\"widget\" data-widget_type=\"heading.default\">\n\t\t\t\t<div class=\"elementor-widget-container\">\n\t\t\t\t\t<h2 class=\"elementor-heading-title elementor-size-default\">CTC \u2013 Digital Business Solutions (freie Beratung)<\/h2>\t\t\t\t<\/div>\n\t\t\t\t<\/div>\n\t\t\t\t<\/div>\n\t\t<div class=\"elementor-element elementor-element-d39707c e-con-full e-flex e-con e-child\" data-id=\"d39707c\" data-element_type=\"container\" data-e-type=\"container\">\n\t\t\t\t<div class=\"elementor-element elementor-element-8b198b7 elementor-widget elementor-widget-text-editor\" data-id=\"8b198b7\" data-element_type=\"widget\" data-e-type=\"widget\" data-widget_type=\"text-editor.default\">\n\t\t\t\t<div class=\"elementor-widget-container\">\n\t\t\t\t\t\t\t\t\t<p><span style=\"color: #172b4d; font-family: -apple-system, 'system-ui', 'Segoe UI', Roboto, Oxygen, Ubuntu, 'Fira Sans', 'Droid Sans', 'Helvetica Neue', sans-serif; font-size: 16px; letter-spacing: -0.08px; white-space-collapse: preserve;\">Nach zehn spannenden und erfolgreichen Jahren als Mitgr\u00fcnder und gesch\u00e4ftsf\u00fchrender Gesellschafter der LITE Games GmbH entschied ich mich Ende 2023 ganz bewusst, in eine neue, strategische Freelance-Phase zu starten. In dieser Zeit konnte ich mein Wissen gezielt in zukunftstr\u00e4chtigen und dynamisch wachsenden Bereichen wie der K\u00fcnstlichen Intelligenz (AI) vertiefen. <br \/><br \/>Nebenbei f\u00fchrte das auch zur Gr\u00fcndung von <a href=\"https:\/\/ctc.rocks\" target=\"_blank\" rel=\"noopener\">CTC.rocks<\/a> \u2013 der \"AIgency for Unfair Advantages\", die ich auch weiterhin parallel zu meiner T\u00e4tigkeit bei insaight.io betreue.<\/span><\/p>\t\t\t\t\t\t\t\t<\/div>\n\t\t\t\t<\/div>\n\t\t\t\t<\/div>\n\t\t<div class=\"elementor-element elementor-element-4cc0cf5 e-con-full e-flex e-con e-child\" data-id=\"4cc0cf5\" data-element_type=\"container\" data-e-type=\"container\">\n\t\t\t\t<div class=\"elementor-element elementor-element-8f9ba0c elementor-widget elementor-widget-heading\" data-id=\"8f9ba0c\" data-element_type=\"widget\" data-e-type=\"widget\" data-widget_type=\"heading.default\">\n\t\t\t\t<div class=\"elementor-widget-container\">\n\t\t\t\t\t<h2 class=\"elementor-heading-title elementor-size-default\">insaight.io<\/h2>\t\t\t\t<\/div>\n\t\t\t\t<\/div>\n\t\t\t\t<\/div>\n\t\t\t\t\t<\/div>\n\t\t\t\t<\/div>\n\t\t<div class=\"elementor-element elementor-element-6ba6ac0 e-flex e-con-boxed e-con e-parent\" data-id=\"6ba6ac0\" data-element_type=\"container\" data-e-type=\"container\">\n\t\t\t\t\t<div class=\"e-con-inner\">\n\t\t<div class=\"elementor-element elementor-element-517ff4f e-con-full e-flex e-con e-child\" data-id=\"517ff4f\" data-element_type=\"container\" data-e-type=\"container\">\n\t\t\t\t<div class=\"elementor-element elementor-element-f1532cc elementor-widget elementor-widget-text-editor\" data-id=\"f1532cc\" data-element_type=\"widget\" data-e-type=\"widget\" data-widget_type=\"text-editor.default\">\n\t\t\t\t<div class=\"elementor-widget-container\">\n\t\t\t\t\t\t\t\t\t<span style=\"color: #172b4d; font-family: -apple-system, 'system-ui', 'Segoe UI', Roboto, Oxygen, Ubuntu, 'Fira Sans', 'Droid Sans', 'Helvetica Neue', sans-serif; font-size: 16px; letter-spacing: -0.08px; white-space-collapse: preserve;\"><a href=\"https:\/\/insaight.io\" target=\"_blank\" rel=\"noopener\">insaight.io<\/a> bietet eine Next-Generation, AI-getriebene Kundenservice-L\u00f6sung, die sich auf Voice (Telefon) und Chat-Automatisierung konzentriert. Wir eliminieren Wartezeiten und stellen 24\/7-Verf\u00fcgbarkeit f\u00fcr Kundenanfragen sicher, indem wir intelligente, denkende AI-Systeme nutzen.\n\nDie <a href=\"https:\/\/insaight.io\">insaight<\/a> AI Voice Agents sind darauf ausgelegt, an vorderster Front zu stehen und 100% der Level-1-Anfragen sowie Spitzenlasten rund um die Uhr zu \u00fcbernehmen. Unser System stellt sicher, dass keine Kunden in der Warteschleife h\u00e4ngen und sofort den Stress auf dein Support-Team reduziert. Das Ergebnis? Deine menschlichen Experten-Agenten sind sofort frei, sich ausschlie\u00dflich auf komplexe Level-2-Support, Verkaufschancen und wertsch\u00f6pfende Gespr\u00e4che zu konzentrieren. Alles nahtlos und sofort in mehreren Sprachen geliefert, vollst\u00e4ndig GDPR-konform und wir gew\u00e4hrleisten eine reibungslose Integration in deine bestehenden Systeme.\n\nBei unser KI geht es dabei nicht darum, Menschen zu ersetzen. Es geht darum, sie zu st\u00e4rken. \n\nMelde dich, wenn du eine Demo m\u00f6chtest.\t\t\t\t\t\t\t\t<\/div>\n\t\t\t\t<\/div>\n\t\t\t\t<\/div>\n\t\t\t\t<div class=\"elementor-element elementor-element-e3055c8 elementor-widget-divider--view-line_icon elementor-view-default elementor-widget-divider--element-align-center elementor-widget elementor-widget-divider\" data-id=\"e3055c8\" data-element_type=\"widget\" data-e-type=\"widget\" data-widget_type=\"divider.default\">\n\t\t\t\t<div class=\"elementor-widget-container\">\n\t\t\t\t\t\t\t<div class=\"elementor-divider\">\n\t\t\t<span class=\"elementor-divider-separator\">\n\t\t\t\t\t\t\t<div class=\"elementor-icon elementor-divider__element\">\n\t\t\t\t\t<i aria-hidden=\"true\" class=\"fas fa-plus\"><\/i><\/div>\n\t\t\t\t\t\t<\/span>\n\t\t<\/div>\n\t\t\t\t\t\t<\/div>\n\t\t\t\t<\/div>\n\t\t\t\t\t<\/div>\n\t\t\t\t<\/div>\n\t\t<div class=\"elementor-element elementor-element-7738328 e-flex e-con-boxed e-con e-parent\" data-id=\"7738328\" data-element_type=\"container\" data-e-type=\"container\">\n\t\t\t\t\t<div class=\"e-con-inner\">\n\t\t<div class=\"elementor-element elementor-element-de6f0d2 e-con-full e-flex e-con e-child\" data-id=\"de6f0d2\" data-element_type=\"container\" data-e-type=\"container\">\n\t\t<div class=\"elementor-element elementor-element-c12dad9 e-con-full e-flex e-con e-child\" data-id=\"c12dad9\" data-element_type=\"container\" data-e-type=\"container\">\n\t\t\t\t<div class=\"elementor-element elementor-element-1243280 elementor-widget elementor-widget-heading\" data-id=\"1243280\" data-element_type=\"widget\" data-e-type=\"widget\" data-widget_type=\"heading.default\">\n\t\t\t\t<div class=\"elementor-widget-container\">\n\t\t\t\t\t<h2 class=\"elementor-heading-title elementor-size-default\"><a href=\"https:\/\/christiantwellmann.de\/de\/contact\/\">Kontakt<\/a><\/h2>\t\t\t\t<\/div>\n\t\t\t\t<\/div>\n\t\t\t\t<\/div>\n\t\t\t\t<\/div>\n\t\t\t\t<div class=\"elementor-element elementor-element-9e92d29 elementor-widget elementor-widget-text-editor\" data-id=\"9e92d29\" data-element_type=\"widget\" data-e-type=\"widget\" data-widget_type=\"text-editor.default\">\n\t\t\t\t<div class=\"elementor-widget-container\">\n\t\t\t\t\t\t\t\t\t<p><span style=\"color: #172b4d; font-family: -apple-system, 'system-ui', 'Segoe UI', Roboto, Oxygen, Ubuntu, 'Fira Sans', 'Droid Sans', 'Helvetica Neue', sans-serif; font-size: 16px; letter-spacing: -0.08px; white-space-collapse: preserve;\">Interessiert? Kontaktieren Sie mich \u00fcber mein <a href=\"https:\/\/docs.google.com\/forms\/d\/1CAYvWHh8A4R1pXvdULs7mgZCA_xPFF3nJ80x_uGGHu0\" target=\"_blank\" rel=\"noopener\">Kontaktformular<\/a> oder schickt mir eine kurze Email-Nachricht und ich melde mich schnellstm\u00f6glich zur\u00fcck:<\/span><\/p>\t\t\t\t\t\t\t\t<\/div>\n\t\t\t\t<\/div>\n\t\t<div class=\"elementor-element elementor-element-8b0ad43 e-con-full e-flex e-con e-child\" data-id=\"8b0ad43\" data-element_type=\"container\" data-e-type=\"container\">\n\t\t\t\t<div class=\"elementor-element elementor-element-eaf2ef2 elementor-widget elementor-widget-image\" data-id=\"eaf2ef2\" data-element_type=\"widget\" data-e-type=\"widget\" data-widget_type=\"image.default\">\n\t\t\t\t<div class=\"elementor-widget-container\">\n\t\t\t\t\t\t\t\t\t\t\t\t\t\t\t\t<a href=\"mailto:contact@christiantwellmann.de\">\n\t\t\t\t\t\t\t<img decoding=\"async\" src=\"https:\/\/christiantwellmann.de\/wp-content\/uploads\/elementor\/thumbs\/CTC_Icons_Mail_rstandard_01-qepsua1fkimnanee6cf8z7mx6tdq07uz1wuwe67xt4.png\" title=\"CTC_Icons_Mail_rstandard_01\" alt=\"CTC_Icons_Mail_rstandard_01\" loading=\"lazy\" \/>\t\t\t\t\t\t\t\t<\/a>\n\t\t\t\t\t\t\t\t\t\t\t\t\t\t\t<\/div>\n\t\t\t\t<\/div>\n\t\t\t\t<\/div>\n\t\t\t\t\t<\/div>\n\t\t\t\t<\/div>\n\t\t<div class=\"elementor-element elementor-element-5569aeb e-flex e-con-boxed e-con e-parent\" data-id=\"5569aeb\" data-element_type=\"container\" data-e-type=\"container\">\n\t\t\t\t\t<div class=\"e-con-inner\">\n\t\t\t\t<div class=\"elementor-element elementor-element-7f61341 elementor-widget elementor-widget-spacer\" data-id=\"7f61341\" data-element_type=\"widget\" data-e-type=\"widget\" data-widget_type=\"spacer.default\">\n\t\t\t\t<div class=\"elementor-widget-container\">\n\t\t\t\t\t\t\t<div class=\"elementor-spacer\">\n\t\t\t<div class=\"elementor-spacer-inner\"><\/div>\n\t\t<\/div>\n\t\t\t\t\t\t<\/div>\n\t\t\t\t<\/div>\n\t\t\t\t\t<\/div>\n\t\t\t\t<\/div>\n\t\t\t\t<\/div>","protected":false},"excerpt":{"rendered":"<p>About Me With a rich history in the digital media and mobile entertainment industry, I am not only a &#8220;Digital Native,&#8221; but also a highly qualified professional with a strong background in mobile games and apps. The Beginning After completing my degree in Media &amp; Business Management at the University of Manchester, I dove straight [&hellip;]<\/p>\n","protected":false},"author":2,"featured_media":0,"parent":0,"menu_order":0,"comment_status":"closed","ping_status":"closed","template":"","meta":{"_seopress_robots_primary_cat":"","_seopress_titles_title":"Chris Twellmann - Digital Business Expert","_seopress_titles_desc":"With a degree in Media & Business Management from the University of Manchester and over 20 years of experience in the digital business, I am a highly qualified professional with a strong background in mobile games and apps.","_seopress_robots_index":"","footnotes":""},"class_list":["post-832","page","type-page","status-publish","hentry"],"_links":{"self":[{"href":"https:\/\/christiantwellmann.de\/de\/wp-json\/wp\/v2\/pages\/832","targetHints":{"allow":["GET"]}}],"collection":[{"href":"https:\/\/christiantwellmann.de\/de\/wp-json\/wp\/v2\/pages"}],"about":[{"href":"https:\/\/christiantwellmann.de\/de\/wp-json\/wp\/v2\/types\/page"}],"author":[{"embeddable":true,"href":"https:\/\/christiantwellmann.de\/de\/wp-json\/wp\/v2\/users\/2"}],"replies":[{"embeddable":true,"href":"https:\/\/christiantwellmann.de\/de\/wp-json\/wp\/v2\/comments?post=832"}],"version-history":[{"count":3,"href":"https:\/\/christiantwellmann.de\/de\/wp-json\/wp\/v2\/pages\/832\/revisions"}],"predecessor-version":[{"id":3124,"href":"https:\/\/christiantwellmann.de\/de\/wp-json\/wp\/v2\/pages\/832\/revisions\/3124"}],"wp:attachment":[{"href":"https:\/\/christiantwellmann.de\/de\/wp-json\/wp\/v2\/media?parent=832"}],"curies":[{"name":"wp","href":"https:\/\/api.w.org\/{rel}","templated":true}]}}